{"id":30,"date":"2022-04-13T13:48:00","date_gmt":"2022-04-13T11:48:00","guid":{"rendered":"https:\/\/www.onlinevet-web.online\/?page_id=30"},"modified":"2022-04-13T13:48:00","modified_gmt":"2022-04-13T11:48:00","slug":"home","status":"publish","type":"page","link":"https:\/\/www.onlinevet-web.online\/","title":{"rendered":"Home"},"content":{"rendered":"<p>[et_pb_section fb_built=&#8220;1&#8243; fullwidth=&#8220;on&#8220; admin_label=&#8220;Page Header&#8220; _builder_version=&#8220;4.16&#8243; _module_preset=&#8220;default&#8220; background_image=&#8220;https:\/\/www.onlinevet-web.online\/wp-content\/uploads\/2022\/04\/business-07.jpg&#8220; parallax=&#8220;on&#8220; global_colors_info=&#8220;{}&#8220; theme_builder_area=&#8220;post_content&#8220;][et_pb_fullwidth_header title=&#8220;WELCOME TO THE WEBSITE&#8220; text_orientation=&#8220;center&#8220; admin_label=&#8220;Hero Section&#8220; _builder_version=&#8220;4.17.0&#8243; _module_preset=&#8220;default&#8220; title_font=&#8220;Montserrat|on|||&#8220; title_font_size=&#8220;60px&#8220; title_line_height=&#8220;1.4em&#8220; content_font_size=&#8220;22px&#8220; content_line_height=&#8220;1.8em&#8220; subhead_font=&#8220;||||&#8220; background_color=&#8220;rgba(255, 255, 255, 0)&#8220; use_background_color_gradient=&#8220;on&#8220; background_color_gradient_stops=&#8220;rgba(58,52,226,0.93) 0%|rgba(73,108,220,0.7) 100%&#8220; background_color_gradient_start=&#8220;rgba(58,52,226,0.93)&#8220; background_color_gradient_end=&#8220;rgba(73,108,220,0.7)&#8220; custom_button_one=&#8220;on&#8220; button_one_text_size=&#8220;16px&#8220; button_one_bg_color=&#8220;#6eba01&#8243; button_one_border_width=&#8220;2px&#8220; button_one_border_color=&#8220;#6eba01&#8243; button_one_border_radius=&#8220;0&#8243; button_one_letter_spacing=&#8220;2&#8243; button_one_font=&#8220;Montserrat|||on|&#8220; button_one_use_icon=&#8220;off&#8220; custom_button_two=&#8220;on&#8220; button_two_text_size=&#8220;16px&#8220; button_two_border_width=&#8220;2px&#8220; button_two_border_color=&#8220;#ffffff&#8220; button_two_border_radius=&#8220;0&#8243; button_two_letter_spacing=&#8220;2&#8243; button_two_font=&#8220;Montserrat|||on|&#8220; button_two_use_icon=&#8220;off&#8220; module_alignment=&#8220;left&#8220; animation_style=&#8220;fade&#8220; hover_enabled=&#8220;0&#8243; button_one_text_color_hover=&#8220;#6eba01&#8243; button_two_text_color_hover=&#8220;#6eba01&#8243; button_one_border_color_hover=&#8220;#ffffff&#8220; button_two_border_color_hover=&#8220;#ffffff&#8220; button_one_border_radius_hover=&#8220;0&#8243; button_two_border_radius_hover=&#8220;0&#8243; button_one_letter_spacing_hover=&#8220;2&#8243; button_two_letter_spacing_hover=&#8220;2&#8243; button_one_bg_color_hover=&#8220;#ffffff&#8220; button_two_bg_color_hover=&#8220;#ffffff&#8220; global_colors_info=&#8220;{}&#8220; button_one_text_size__hover_enabled=&#8220;off&#8220; button_two_text_size__hover_enabled=&#8220;off&#8220; button_one_text_color__hover_enabled=&#8220;on&#8220; button_one_text_color__hover=&#8220;#6eba01&#8243; button_two_text_color__hover_enabled=&#8220;on&#8220; button_two_text_color__hover=&#8220;#6eba01&#8243; button_one_border_width__hover_enabled=&#8220;off&#8220; button_two_border_width__hover_enabled=&#8220;off&#8220; button_one_border_color__hover_enabled=&#8220;on&#8220; button_one_border_color__hover=&#8220;#ffffff&#8220; button_two_border_color__hover_enabled=&#8220;on&#8220; button_two_border_color__hover=&#8220;#ffffff&#8220; button_one_border_radius__hover_enabled=&#8220;on&#8220; button_one_border_radius__hover=&#8220;0&#8243; button_two_border_radius__hover_enabled=&#8220;on&#8220; button_two_border_radius__hover=&#8220;0&#8243; button_one_letter_spacing__hover_enabled=&#8220;on&#8220; button_one_letter_spacing__hover=&#8220;2&#8243; button_two_letter_spacing__hover_enabled=&#8220;on&#8220; button_two_letter_spacing__hover=&#8220;2&#8243; button_one_bg_color__hover_enabled=&#8220;on&#8220; button_one_bg_color__hover=&#8220;#ffffff&#8220; button_two_bg_color__hover_enabled=&#8220;on&#8220; button_two_bg_color__hover=&#8220;#ffffff&#8220; theme_builder_area=&#8220;post_content&#8220; subhead=&#8220;of the project&#8220; sticky_enabled=&#8220;0&#8243;]<\/p>\n<h1>ONLINEVET<\/h1>\n<p>[\/et_pb_fullwidth_header][\/et_pb_section][et_pb_section fb_built=&#8220;1&#8243; admin_label=&#8220;Services&#8220; _builder_version=&#8220;4.16&#8243; _module_preset=&#8220;default&#8220; custom_padding=&#8220;90px||90px|&#8220; locked=&#8220;off&#8220; global_colors_info=&#8220;{}&#8220; theme_builder_area=&#8220;post_content&#8220;][et_pb_row _builder_version=&#8220;4.16&#8243; _module_preset=&#8220;default&#8220; background_size=&#8220;initial&#8220; background_position=&#8220;top_left&#8220; background_repeat=&#8220;repeat&#8220; custom_width_px=&#8220;710px&#8220; global_colors_info=&#8220;{}&#8220; theme_builder_area=&#8220;post_content&#8220;][et_pb_column type=&#8220;4_4&#8243; _builder_version=&#8220;4.16&#8243; _module_preset=&#8220;default&#8220; background_position=&#8220;top_left&#8220; custom_padding=&#8220;|||&#8220; global_colors_info=&#8220;{}&#8220; custom_padding__hover=&#8220;|||&#8220; theme_builder_area=&#8220;post_content&#8220;][et_pb_divider color=&#8220;#4e5ed0&#8243; divider_weight=&#8220;3px&#8220; disabled_on=&#8220;off|off|off&#8220; _builder_version=&#8220;4.16&#8243; _module_preset=&#8220;default&#8220; background_color_gradient_direction=&#8220;90deg&#8220; max_width=&#8220;100px&#8220; module_alignment=&#8220;center&#8220; height=&#8220;5px&#8220; custom_margin=&#8220;||20px|&#8220; custom_padding=&#8220;||20px|&#8220; animation_style=&#8220;slide&#8220; animation_direction=&#8220;bottom&#8220; saved_tabs=&#8220;all&#8220; locked=&#8220;off&#8220; global_colors_info=&#8220;{}&#8220; theme_builder_area=&#8220;post_content&#8220;][\/et_pb_divider][et_pb_text admin_label=&#8220;Services Section Subtitle&#8220; _builder_version=&#8220;4.17.0&#8243; _module_preset=&#8220;default&#8220; text_font_size=&#8220;16px&#8220; text_line_height=&#8220;1.9em&#8220; background_size=&#8220;initial&#8220; background_position=&#8220;top_left&#8220; background_repeat=&#8220;repeat&#8220; text_orientation=&#8220;center&#8220; max_width=&#8220;710px&#8220; module_alignment=&#8220;center&#8220; animation_style=&#8220;fold&#8220; animation_direction=&#8220;bottom&#8220; animation_intensity_fold=&#8220;20%&#8220; hover_enabled=&#8220;0&#8243; global_colors_info=&#8220;{}&#8220; theme_builder_area=&#8220;post_content&#8220; sticky_enabled=&#8220;0&#8243;]<\/p>\n<p>Carried out on the basis of<\/p>\n<p>the Research Grant Contract<\/p>\n<p>for the Project with various recipients within the ERASMUS+<\/p>\n<p>program no. 2020-1-SK01-KA226-VET-094428<\/p>\n<p>concluded between<\/p>\n<p>&nbsp;<\/p>\n<p><strong>the National Erasmus+ Agency Program for Education and Professional Training<\/strong><\/p>\n<p>associated with<\/p>\n<p><strong>THE SLOVAK ACADEMIC ASSOCIATION FOR INTERNATIONAL COOPERATION<\/strong><\/p>\n<p><strong>\u00a0<\/strong>and the company<\/p>\n<p><strong>NEWPORT GROUP, A. S.<\/strong><\/p>\n<p>[\/et_pb_text][\/et_pb_column][\/et_pb_row][\/et_pb_section]<\/p>\n","protected":false},"excerpt":{"rendered":"<p>ONLINEVETCarried out on the basis of the Research Grant Contract for the Project with various recipients within the ERASMUS+ program no. 2020-1-SK01-KA226-VET-094428 concluded between &nbsp; the National Erasmus+ Agency Program for Education and Professional Training associated with THE SLOVAK ACADEMIC ASSOCIATION FOR INTERNATIONAL COOPERATION \u00a0and the company NEWPORT GROUP, A. S.<\/p>\n","protected":false},"author":1,"featured_media":0,"parent":0,"menu_order":0,"comment_status":"closed","ping_status":"closed","template":"","meta":{"_et_pb_use_builder":"on","_et_pb_old_content":"","_et_gb_content_width":"","_monsterinsights_skip_tracking":false,"_monsterinsights_sitenote_active":false,"_monsterinsights_sitenote_note":"","_monsterinsights_sitenote_category":0},"yoast_head":"<!-- This site is optimized with the Yoast SEO plugin v18.5.1 - https:\/\/yoast.com\/wordpress\/plugins\/seo\/ -->\n<title>Home - Onlinevet<\/title>\n<meta name=\"robots\" content=\"index, follow, max-snippet:-1, max-image-preview:large, max-video-preview:-1\" \/>\n<link rel=\"canonical\" href=\"https:\/\/www.onlinevet-web.online\/\" \/>\n<meta property=\"og:locale\" content=\"sk_SK\" \/>\n<meta property=\"og:type\" content=\"article\" \/>\n<meta property=\"og:title\" content=\"Home - Onlinevet\" \/>\n<meta property=\"og:description\" content=\"ONLINEVETCarried out on the basis of the Research Grant Contract for the Project with various recipients within the ERASMUS+ program no. 2020-1-SK01-KA226-VET-094428 concluded between &nbsp; the National Erasmus+ Agency Program for Education and Professional Training associated with THE SLOVAK ACADEMIC ASSOCIATION FOR INTERNATIONAL COOPERATION \u00a0and the company NEWPORT GROUP, A. S.\" \/>\n<meta property=\"og:url\" content=\"https:\/\/www.onlinevet-web.online\/\" \/>\n<meta property=\"og:site_name\" content=\"Onlinevet\" \/>\n<meta name=\"twitter:card\" content=\"summary_large_image\" \/>\n<script type=\"application\/ld+json\" class=\"yoast-schema-graph\">{\"@context\":\"https:\/\/schema.org\",\"@graph\":[{\"@type\":\"WebSite\",\"@id\":\"https:\/\/www.onlinevet-web.online\/#website\",\"url\":\"https:\/\/www.onlinevet-web.online\/\",\"name\":\"Onlinevet\",\"description\":\"Len \u010fal\u0161ia WordPress str\u00e1nka\",\"potentialAction\":[{\"@type\":\"SearchAction\",\"target\":{\"@type\":\"EntryPoint\",\"urlTemplate\":\"https:\/\/www.onlinevet-web.online\/?s={search_term_string}\"},\"query-input\":\"required name=search_term_string\"}],\"inLanguage\":\"sk-SK\"},{\"@type\":\"WebPage\",\"@id\":\"https:\/\/www.onlinevet-web.online\/#webpage\",\"url\":\"https:\/\/www.onlinevet-web.online\/\",\"name\":\"Home - Onlinevet\",\"isPartOf\":{\"@id\":\"https:\/\/www.onlinevet-web.online\/#website\"},\"datePublished\":\"2022-04-13T11:48:00+00:00\",\"dateModified\":\"2022-04-13T11:48:00+00:00\",\"breadcrumb\":{\"@id\":\"https:\/\/www.onlinevet-web.online\/#breadcrumb\"},\"inLanguage\":\"sk-SK\",\"potentialAction\":[{\"@type\":\"ReadAction\",\"target\":[\"https:\/\/www.onlinevet-web.online\/\"]}]},{\"@type\":\"BreadcrumbList\",\"@id\":\"https:\/\/www.onlinevet-web.online\/#breadcrumb\",\"itemListElement\":[{\"@type\":\"ListItem\",\"position\":1,\"name\":\"Home\",\"item\":\"https:\/\/www.onlinevet-web.online\/\"},{\"@type\":\"ListItem\",\"position\":2,\"name\":\"Home\"}]}]}<\/script>\n<!-- \/ Yoast SEO plugin. -->","yoast_head_json":{"title":"Home - Onlinevet","robots":{"index":"index","follow":"follow","max-snippet":"max-snippet:-1","max-image-preview":"max-image-preview:large","max-video-preview":"max-video-preview:-1"},"canonical":"https:\/\/www.onlinevet-web.online\/","og_locale":"sk_SK","og_type":"article","og_title":"Home - Onlinevet","og_description":"ONLINEVETCarried out on the basis of the Research Grant Contract for the Project with various recipients within the ERASMUS+ program no. 2020-1-SK01-KA226-VET-094428 concluded between &nbsp; the National Erasmus+ Agency Program for Education and Professional Training associated with THE SLOVAK ACADEMIC ASSOCIATION FOR INTERNATIONAL COOPERATION \u00a0and the company NEWPORT GROUP, A. S.","og_url":"https:\/\/www.onlinevet-web.online\/","og_site_name":"Onlinevet","twitter_card":"summary_large_image","schema":{"@context":"https:\/\/schema.org","@graph":[{"@type":"WebSite","@id":"https:\/\/www.onlinevet-web.online\/#website","url":"https:\/\/www.onlinevet-web.online\/","name":"Onlinevet","description":"Len \u010fal\u0161ia WordPress str\u00e1nka","potentialAction":[{"@type":"SearchAction","target":{"@type":"EntryPoint","urlTemplate":"https:\/\/www.onlinevet-web.online\/?s={search_term_string}"},"query-input":"required name=search_term_string"}],"inLanguage":"sk-SK"},{"@type":"WebPage","@id":"https:\/\/www.onlinevet-web.online\/#webpage","url":"https:\/\/www.onlinevet-web.online\/","name":"Home - Onlinevet","isPartOf":{"@id":"https:\/\/www.onlinevet-web.online\/#website"},"datePublished":"2022-04-13T11:48:00+00:00","dateModified":"2022-04-13T11:48:00+00:00","breadcrumb":{"@id":"https:\/\/www.onlinevet-web.online\/#breadcrumb"},"inLanguage":"sk-SK","potentialAction":[{"@type":"ReadAction","target":["https:\/\/www.onlinevet-web.online\/"]}]},{"@type":"BreadcrumbList","@id":"https:\/\/www.onlinevet-web.online\/#breadcrumb","itemListElement":[{"@type":"ListItem","position":1,"name":"Home","item":"https:\/\/www.onlinevet-web.online\/"},{"@type":"ListItem","position":2,"name":"Home"}]}]}},"_links":{"self":[{"href":"https:\/\/www.onlinevet-web.online\/index.php?rest_route=\/wp\/v2\/pages\/30"}],"collection":[{"href":"https:\/\/www.onlinevet-web.online\/index.php?rest_route=\/wp\/v2\/pages"}],"about":[{"href":"https:\/\/www.onlinevet-web.online\/index.php?rest_route=\/wp\/v2\/types\/page"}],"author":[{"embeddable":true,"href":"https:\/\/www.onlinevet-web.online\/index.php?rest_route=\/wp\/v2\/users\/1"}],"replies":[{"embeddable":true,"href":"https:\/\/www.onlinevet-web.online\/index.php?rest_route=%2Fwp%2Fv2%2Fcomments&post=30"}],"version-history":[{"count":2,"href":"https:\/\/www.onlinevet-web.online\/index.php?rest_route=\/wp\/v2\/pages\/30\/revisions"}],"predecessor-version":[{"id":40,"href":"https:\/\/www.onlinevet-web.online\/index.php?rest_route=\/wp\/v2\/pages\/30\/revisions\/40"}],"wp:attachment":[{"href":"https:\/\/www.onlinevet-web.online\/index.php?rest_route=%2Fwp%2Fv2%2Fmedia&parent=30"}],"curies":[{"name":"wp","href":"https:\/\/api.w.org\/{rel}","templated":true}]}}